{"id":755,"date":"2022-06-14T12:13:51","date_gmt":"2022-06-14T12:13:51","guid":{"rendered":"https:\/\/konvin.si\/gdpr\/"},"modified":"2022-06-27T10:02:16","modified_gmt":"2022-06-27T10:02:16","slug":"gdpr","status":"publish","type":"page","link":"https:\/\/konvin.si\/it\/gdpr\/","title":{"rendered":"GDPR"},"content":{"rendered":"[et_pb_section fb_built=&#8221;1&#8243; admin_label=&#8221;section&#8221; _builder_version=&#8221;4.16&#8243; global_colors_info=&#8221;{}&#8221;][et_pb_row admin_label=&#8221;riga&#8221; _builder_version=&#8221;4.16&#8243; background_size=&#8221;initial&#8221; background_position=&#8221;top_left&#8221; background_repeat=&#8221;repeat&#8221; global_colors_info=&#8221;{}&#8221;][et_pb_column type=&#8221;4_4&#8243; _builder_version=&#8221;4.16&#8243; custom_padding=&#8221;|||&#8221; global_colors_info=&#8221;{}&#8221; custom_padding__hover=&#8221;|||&#8221;][et_pb_text admin_label=&#8221;Text&#8221; _builder_version=&#8221;4.17.4&#8243; text_font=&#8221;Alegreya Sans||||||||&#8221; text_font_size=&#8221;19px&#8221; header_font=&#8221;Alegreya Sans SC||||||||&#8221; header_font_size=&#8221;45px&#8221; header_2_font=&#8221;Alegreya Sans SC||||||||&#8221; header_2_font_size=&#8221;37px&#8221; header_2_line_height=&#8221;1.4em&#8221; background_size=&#8221;initial&#8221; background_position=&#8221;top_left&#8221; background_repeat=&#8221;repeat&#8221; hover_enabled=&#8221;0&#8243; global_colors_info=&#8221;{}&#8221; sticky_enabled=&#8221;0&#8243;]<p><\/p>\n<h1 class=\"wp-block-heading\">PROTEZIONE DEI DATI PERSONALI<\/h1>\n<h2>Tutela della privacy<\/h2>\n<p>Quando accedete al nostro sito, il vostro browser scarica alcune informazioni sul nostro web server. Le ragioni di questo trasferimento sono di natura tecnica, ma \u00e8 necessario anche perch\u00e9 cos\u00ec potete accedere alle informazioni che desiderate. Al fine di garantire la sicurezza del nostro sistema informativo, nel diario online raccogliamo automaticamente informazioni sul vostro indirizzo IP, la data e l&#8217;ora d\u2019accesso, la differenza di fuso orario rispetto all&#8217;ora di Greenwich (GMT), il contenuto della richiesta (pagina specifica), lo stato dell\u2019accesso ovvero il codice dello stato HTTP, la quantit\u00e0 di dati scaricati, la pagina Web che richiede l&#8217;accesso e il vostro browser (versione del sistema operativo del software del browser, impostazioni della lingua). Senza averci fornito almeno il vostro indirizzo IP, che registreremo sul diario online, non potete utilizzare il nostro sito.<\/p>\n<p>Raccogliamo i dati sopra indicati per garantire la sicurezza della rete e delle informazioni, al fine di prevenire atti accidentali, illegali o dannosi. Il trattamento \u00e8 quindi necessario per i nostri legittimi interessi e si basa sull&#8217;articolo 6 (f) del regolamento generale sulla protezione dei dati (GDPR).<\/p>\n<p>I dati personali saranno tenuti nel diario online per un massimo di 6 mesi, poi elimineremo le informazioni se non avremo un&#8217;altra ragione legittima per l&#8217;ulteriore elaborazione.<\/p>\n<h2>dettagli del contatto<\/h2>\n<p>Il gestore dei dati personali \u00e8: NA TRGU d.o.o., Bevkov trg 1, 5000 Nova Gorica, telefon: +386 41 535 148, po\u0161ta: <a href=\"mailto:info@konvin.si\">info@konvin.si<\/a>. I dati personali raccolti saranno elaborati dai nostri dipendenti e dai nostri incaricati che svolgono compiti nel garantire il funzionamento delle pagine web.<\/p>\n<h2>Diritto di accesso ai dati<\/h2>\n<p>Avete il diritto di verificare se raccogliamo informazioni personali e, in questo caso, avete anche il diritto di accedere a queste informazioni.<\/p>\n<p><strong>Se, come individuo, desiderate verificare se raccogliamo informazioni personali, potete richiederlo per iscritto via e-mail o per iscritto per posta.<\/strong><\/p>\n<h2>Diritto alla cancellazione (&#8220;diritto all&#8217;oblio&#8221;)<\/h2>\n<p>Avete il diritto di ottenere la cancellazione dei dati personali relativi a voi senza indebito ritardo e noi, come responsabili, abbiamo l&#8217;obbligo, senza indebito ritardo, di cancellare i vostri dati personali nei seguenti casi:<\/p>\n<p>La cancellazione non viene eseguita se l&#8217;elaborazione dei dati personali \u00e8 necessaria:<\/p>\n<ul>\n<li>vi opponete al trattamento dei dati (vedi il diritto di opposizione),<\/li>\n<li>i dati personali sono stati trattati illegalmente,<\/li>\n<li>i dati personali devono essere eliminati per soddisfare i requisiti delle normative,<\/li>\n<li>per soddisfare gli obblighi legali del trattamento sulla base dei regolamenti,<\/li>\n<li>per applicare, realizzare o difendere i risarcimenti legali.<\/li>\n<\/ul>\n<p><strong>Se come individui desiderate che cancelliamo le vostre informazioni personali, potete richiederlo per iscritto via e-mail o per iscritto per posta. \u00c8 possibile esercitare il diritto di cancellazione solo nei casi limitati sopra elencati.<\/strong><\/p>\n<h2>Diritto di correzione<\/h2>\n<p>Avete il diritto, senza indebito ritardo, di richiedere la correzione dei vostri dati personali imprecisi.<\/p>\n<p>Ai sensi del trattamento, avete il diritto di completare le informazioni personali incomplete, inclusa la presentazione di una dichiarazione supplementare.<\/p>\n<p><strong>Se come individui desiderate che vengano corretti i vostri dati personali potete richiederlo per iscritto via e-mail o per iscritto per posta.<\/strong><\/p>\n<h2>Diritto di limitare l&#8217;elaborazione<\/h2>\n<p>Avete il diritto di richiedere un trattamento dei vostri dati personali limitato in caso di:<\/p>\n<p>Se richiederete una restrizione per i motivi elencati, i vostri dati li potremo solo archiviare e tutti gli altri metodi di elaborazione possono essere eseguiti solo:<\/p>\n<ul>\n<li>se contestate l&#8217;accuratezza dei dati, per un periodo che ci consenta di verificare l&#8217;esattezza dei dati personali,<\/li>\n<li>il trattamento \u00e8 illecito e siete opposti alla cancellazione dei dati personali, e invece chiedete restrizioni al loro utilizzo,<\/li>\n<li>non abbiamo pi\u00f9 bisogno dei vostri dati personali per scopi di elaborazione, ma vi occorrono per applicare, realizzare o difendere i risarcimenti legali,<\/li>\n<li>\u00e8 stata presentata un\u2019obiezione riguardante il trattamento fino a quando non viene stabilito o le nostre ragioni legittime sono oltre le vostre ragioni.<\/li>\n<li>con il vostro consenso,<\/li>\n<li>per applicare, realizzare o difendere i risarcimenti legali,<\/li>\n<li>per la tutela dei diritti di un&#8217;altra persona fisica o giuridica, o<\/li>\n<li>in caso l&#8217;Unione o uno Stato membro mostri un interesse pubblico notevole.<\/li>\n<\/ul>\n<p>Prima di annullare (cio\u00e8 terminare) le restrizioni di elaborazione dei dati personali dobbiamo fornirvi una notifica della revoca della restrizione.<\/p>\n<p><strong>Se abbiamo respinto la vostra richiesta di cancellazione dei dati, o volete solo limitare il trattamento dei vostri dati personali, potete richiedere la limitazione dei vostri dati personali per iscritto via e-mail o per posta. \u00c8 possibile esercitare il diritto di limitare il trattamento dei dati solo nei casi limitati sopra elencati.<\/strong><\/p>\n<h2>Diritto di portabilit\u00e0<\/h2>\n<p>Potete scaricare i dati che ci avete fornito e che abbiamo raccolto durante il vostro utilizzo del servizio. \u00c8 possibile richiedere i dati in forma trasferibile personalmente presso la nostra sede.<\/p>\n<h2>Diritto di ricorso all&#8217;autorit\u00e0 di controllo<\/h2>\n<p>Fatto salvo qualsiasi altro rimedio amministrativo o giudiziario, si ha diritto a presentare una denuncia presso l&#8217;Autorit\u00e0 di controllo, in particolare nello Stato membro in cui siete residente, in cui vi \u00e8 il vostro luogo di lavoro o in cui si \u00e8 verificata la presunta infrazione, se si pensa che il trattamento dei dati personali in relazione a voi viola il Regolamento generale sulla protezione dei dati.<\/p>\n<p>L&#8217;autorit\u00e0 di vigilanza con la quale \u00e8 stato presentato il reclamo informer\u00e0 lo stato di fatto e la decisione sul reclamo, compresa la possibilit\u00e0 di un rimedio legale ai sensi dell&#8217;articolo 78 del regolamento generale sulla protezione dei dati.<\/p>\n<p><strong>Come soggetto dei dati, hai il diritto di presentare un reclamo a:<\/strong><\/p>\n<p>Republika Slovenija (Repubblica di Slovenia), Informacijski poobla\u0161\u010denec (Commissario all&#8217;informazione), Zalo\u0161ka 59, 1000 Lubiana, Slovenia, telefono: +386 (0)1 230 97 30, e-mail:\u00a0<a href=\"mailto:gp.ip@ip-rs.si\">gp.ip@ip-rs.si<\/a>.<\/p>\n<p>Il Commissario per le informazioni vi informer\u00e0 dello stato della questione e la sua decisione sul ricorso in conformit\u00e0 con i regolamenti.<\/p>\n<h2>Responsabili del trattamento dei dati personali<\/h2>\n<p>L&#8217;hosting del sito web \u00e8 fornito dal nostro processore.<\/p>\n<h2>Trasmissione di dati personali<\/h2>\n<p>Non trasferiremo i dati personali a terze parti o paesi terzi, tranne nei casi previsti dalla legge, il che si riferisce in particolare ai casi in cui le informazioni sono richieste da persone o enti autorizzati.<\/p>\n<p>&nbsp;<\/p>\n<p><\/p>[\/et_pb_text][\/et_pb_column][\/et_pb_row][\/et_pb_section]","protected":false},"excerpt":{"rendered":"<p>PROTEZIONE DEI DATI PERSONALI Tutela della privacy Quando accedete al nostro sito, il vostro browser scarica alcune informazioni sul nostro web server. Le ragioni di questo trasferimento sono di natura tecnica, ma \u00e8 necessario anche perch\u00e9 cos\u00ec potete accedere alle informazioni che desiderate. Al fine di garantire la sicurezza del nostro sistema informativo, nel diario [&hellip;]<\/p>\n","protected":false},"author":1,"featured_media":0,"parent":0,"menu_order":0,"comment_status":"closed","ping_status":"closed","template":"","meta":{"_et_pb_use_builder":"on","_et_pb_old_content":"","_et_gb_content_width":"","footnotes":""},"class_list":["post-755","page","type-page","status-publish","hentry"],"_links":{"self":[{"href":"https:\/\/konvin.si\/it\/wp-json\/wp\/v2\/pages\/755","targetHints":{"allow":["GET"]}}],"collection":[{"href":"https:\/\/konvin.si\/it\/wp-json\/wp\/v2\/pages"}],"about":[{"href":"https:\/\/konvin.si\/it\/wp-json\/wp\/v2\/types\/page"}],"author":[{"embeddable":true,"href":"https:\/\/konvin.si\/it\/wp-json\/wp\/v2\/users\/1"}],"replies":[{"embeddable":true,"href":"https:\/\/konvin.si\/it\/wp-json\/wp\/v2\/comments?post=755"}],"version-history":[{"count":3,"href":"https:\/\/konvin.si\/it\/wp-json\/wp\/v2\/pages\/755\/revisions"}],"predecessor-version":[{"id":796,"href":"https:\/\/konvin.si\/it\/wp-json\/wp\/v2\/pages\/755\/revisions\/796"}],"wp:attachment":[{"href":"https:\/\/konvin.si\/it\/wp-json\/wp\/v2\/media?parent=755"}],"curies":[{"name":"wp","href":"https:\/\/api.w.org\/{rel}","templated":true}]}}